{"id":54,"date":"2021-02-10T14:50:17","date_gmt":"2021-02-10T13:50:17","guid":{"rendered":"http:\/\/total-on-tour.ch\/?page_id=54"},"modified":"2026-04-15T11:10:27","modified_gmt":"2026-04-15T09:10:27","slug":"terms","status":"publish","type":"page","link":"https:\/\/storck-win.ch\/fr\/terms\/","title":{"rendered":"Conditions de participation"},"content":{"rendered":"\n<figure class=\"wp-block-image size-full\"><img loading=\"lazy\" decoding=\"async\" width=\"1024\" height=\"530\" src=\"https:\/\/storck-win.ch.live.thirdparty.sto.adacor.net\/wp-content\/uploads\/2026\/04\/Header_WIN_merci_Win_1024x530_F-1.jpg\" alt=\"\" class=\"wp-image-74727\" srcset=\"https:\/\/storck-win.ch\/wp-content\/uploads\/2026\/04\/Header_WIN_merci_Win_1024x530_F-1.jpg 1024w, https:\/\/storck-win.ch\/wp-content\/uploads\/2026\/04\/Header_WIN_merci_Win_1024x530_F-1-300x155.jpg 300w, https:\/\/storck-win.ch\/wp-content\/uploads\/2026\/04\/Header_WIN_merci_Win_1024x530_F-1-768x398.jpg 768w\" sizes=\"auto, (max-width: 1024px) 100vw, 1024px\" \/><\/figure>\n\n\n\n<h1 class=\"wp-block-heading\" id=\"conditions-de-participation\">Conditions de participation<\/h1>\n\n\n\n<p>La date limite de participation: <strong>le 03.05.2026<\/strong>.<\/p>\n\n\n\n<p>Les gagnants seront contact\u00e9s par courrier. Aucune correspondance ne sera envoy\u00e9e dans le cadre de ce concours, la voie juridique est exclue. Jeu-concours limit\u00e9 \u00e0 une participation par personne. Jeu-concours sans obligation d\u2019achat. Aucun paiement en esp\u00e8ces ne sera demand\u00e9. Les participants au jeu-concours doivent r\u00e9sider en Suisse et avoir 18&nbsp;ans r\u00e9volus. Les collaborateurs de Storck&nbsp;(Schweiz)&nbsp;GmbH et de ses filiales sont exclus du jeu-concours.<\/p>\n\n\n\n<p><strong>Retour au <a href=\"https:\/\/storck-win.ch\/fr\/\" class=\"agb-link\">concours<\/a><\/strong><\/p>\n","protected":false},"excerpt":{"rendered":"<p>Conditions de participation La date limite de participation: le 03.05.2026. Les gagnants seront contact\u00e9s par courrier. Aucune correspondance ne sera envoy\u00e9e dans le cadre de ce concours, la voie juridique est exclue. Jeu-concours limit\u00e9 \u00e0 une participation par personne. Jeu-concours sans obligation d\u2019achat. Aucun paiement en esp\u00e8ces ne sera demand\u00e9. Les participants au jeu-concours doivent [&hellip;]<\/p>\n","protected":false},"author":1,"featured_media":0,"parent":0,"menu_order":0,"comment_status":"closed","ping_status":"closed","template":"","meta":{"_acf_changed":false,"footnotes":""},"class_list":["post-54","page","type-page","status-publish","hentry"],"acf":[],"yoast_head":"<!-- This site is optimized with the Yoast SEO plugin v27.4 - https:\/\/yoast.com\/product\/yoast-seo-wordpress\/ -->\n<title>Storck Win-Fun - Conditions de participation<\/title>\n<meta name=\"robots\" content=\"index, follow, max-snippet:-1, max-image-preview:large, max-video-preview:-1\" \/>\n<link rel=\"canonical\" href=\"https:\/\/storck-win.ch\/fr\/terms\/\" \/>\n<meta property=\"og:locale\" content=\"fr_FR\" \/>\n<meta property=\"og:type\" content=\"article\" \/>\n<meta property=\"og:title\" content=\"Storck Win-Fun - Conditions de participation\" \/>\n<meta property=\"og:description\" content=\"Conditions de participation La date limite de participation: le 03.05.2026. Les gagnants seront contact\u00e9s par courrier. Aucune correspondance ne sera envoy\u00e9e dans le cadre de ce concours, la voie juridique est exclue. Jeu-concours limit\u00e9 \u00e0 une participation par personne. Jeu-concours sans obligation d\u2019achat. Aucun paiement en esp\u00e8ces ne sera demand\u00e9. Les participants au jeu-concours doivent [&hellip;]\" \/>\n<meta property=\"og:url\" content=\"https:\/\/storck-win.ch\/fr\/terms\/\" \/>\n<meta property=\"og:site_name\" content=\"Storck Win-Fun\" \/>\n<meta property=\"article:modified_time\" content=\"2026-04-15T09:10:27+00:00\" \/>\n<meta property=\"og:image\" content=\"https:\/\/storck-win.ch\/wp-content\/uploads\/2026\/04\/Header_WIN_merci_Win_1024x530_F-1.jpg\" \/>\n\t<meta property=\"og:image:width\" content=\"1024\" \/>\n\t<meta property=\"og:image:height\" content=\"530\" \/>\n\t<meta property=\"og:image:type\" content=\"image\/jpeg\" \/>\n<meta name=\"twitter:card\" content=\"summary_large_image\" \/>\n<meta name=\"twitter:label1\" content=\"Dur\u00e9e de lecture estim\u00e9e\" \/>\n\t<meta name=\"twitter:data1\" content=\"1 minute\" \/>\n<script type=\"application\/ld+json\" class=\"yoast-schema-graph\">{\"@context\":\"https:\\\/\\\/schema.org\",\"@graph\":[{\"@type\":\"WebPage\",\"@id\":\"https:\\\/\\\/storck-win.ch\\\/fr\\\/terms\\\/\",\"url\":\"https:\\\/\\\/storck-win.ch\\\/fr\\\/terms\\\/\",\"name\":\"Storck Win-Fun - Conditions de participation\",\"isPartOf\":{\"@id\":\"https:\\\/\\\/storck-win.ch.stage.sto.adacor.net\\\/#website\"},\"primaryImageOfPage\":{\"@id\":\"https:\\\/\\\/storck-win.ch\\\/fr\\\/terms\\\/#primaryimage\"},\"image\":{\"@id\":\"https:\\\/\\\/storck-win.ch\\\/fr\\\/terms\\\/#primaryimage\"},\"thumbnailUrl\":\"https:\\\/\\\/storck-win.ch.live.thirdparty.sto.adacor.net\\\/wp-content\\\/uploads\\\/2026\\\/04\\\/Header_WIN_merci_Win_1024x530_F-1.jpg\",\"datePublished\":\"2021-02-10T13:50:17+00:00\",\"dateModified\":\"2026-04-15T09:10:27+00:00\",\"breadcrumb\":{\"@id\":\"https:\\\/\\\/storck-win.ch\\\/fr\\\/terms\\\/#breadcrumb\"},\"inLanguage\":\"fr-FR\",\"potentialAction\":[{\"@type\":\"ReadAction\",\"target\":[\"https:\\\/\\\/storck-win.ch\\\/fr\\\/terms\\\/\"]}]},{\"@type\":\"ImageObject\",\"inLanguage\":\"fr-FR\",\"@id\":\"https:\\\/\\\/storck-win.ch\\\/fr\\\/terms\\\/#primaryimage\",\"url\":\"https:\\\/\\\/storck-win.ch.live.thirdparty.sto.adacor.net\\\/wp-content\\\/uploads\\\/2026\\\/04\\\/Header_WIN_merci_Win_1024x530_F-1.jpg\",\"contentUrl\":\"https:\\\/\\\/storck-win.ch.live.thirdparty.sto.adacor.net\\\/wp-content\\\/uploads\\\/2026\\\/04\\\/Header_WIN_merci_Win_1024x530_F-1.jpg\"},{\"@type\":\"BreadcrumbList\",\"@id\":\"https:\\\/\\\/storck-win.ch\\\/fr\\\/terms\\\/#breadcrumb\",\"itemListElement\":[{\"@type\":\"ListItem\",\"position\":1,\"name\":\"Startseite\",\"item\":\"https:\\\/\\\/storck-win.ch.live.thirdparty.sto.adacor.net\\\/fr\\\/\"},{\"@type\":\"ListItem\",\"position\":2,\"name\":\"Conditions de participation\"}]},{\"@type\":\"WebSite\",\"@id\":\"https:\\\/\\\/storck-win.ch.stage.sto.adacor.net\\\/#website\",\"url\":\"https:\\\/\\\/storck-win.ch.stage.sto.adacor.net\\\/\",\"name\":\"Storck Win-Fun\",\"description\":\"Storck Win-Fun\",\"potentialAction\":[{\"@type\":\"SearchAction\",\"target\":{\"@type\":\"EntryPoint\",\"urlTemplate\":\"https:\\\/\\\/storck-win.ch.stage.sto.adacor.net\\\/?s={search_term_string}\"},\"query-input\":{\"@type\":\"PropertyValueSpecification\",\"valueRequired\":true,\"valueName\":\"search_term_string\"}}],\"inLanguage\":\"fr-FR\"}]}<\/script>\n<!-- \/ Yoast SEO plugin. -->","yoast_head_json":{"title":"Storck Win-Fun - Conditions de participation","robots":{"index":"index","follow":"follow","max-snippet":"max-snippet:-1","max-image-preview":"max-image-preview:large","max-video-preview":"max-video-preview:-1"},"canonical":"https:\/\/storck-win.ch\/fr\/terms\/","og_locale":"fr_FR","og_type":"article","og_title":"Storck Win-Fun - Conditions de participation","og_description":"Conditions de participation La date limite de participation: le 03.05.2026. Les gagnants seront contact\u00e9s par courrier. Aucune correspondance ne sera envoy\u00e9e dans le cadre de ce concours, la voie juridique est exclue. Jeu-concours limit\u00e9 \u00e0 une participation par personne. Jeu-concours sans obligation d\u2019achat. Aucun paiement en esp\u00e8ces ne sera demand\u00e9. Les participants au jeu-concours doivent [&hellip;]","og_url":"https:\/\/storck-win.ch\/fr\/terms\/","og_site_name":"Storck Win-Fun","article_modified_time":"2026-04-15T09:10:27+00:00","og_image":[{"width":1024,"height":530,"url":"https:\/\/storck-win.ch\/wp-content\/uploads\/2026\/04\/Header_WIN_merci_Win_1024x530_F-1.jpg","type":"image\/jpeg"}],"twitter_card":"summary_large_image","twitter_misc":{"Dur\u00e9e de lecture estim\u00e9e":"1 minute"},"schema":{"@context":"https:\/\/schema.org","@graph":[{"@type":"WebPage","@id":"https:\/\/storck-win.ch\/fr\/terms\/","url":"https:\/\/storck-win.ch\/fr\/terms\/","name":"Storck Win-Fun - Conditions de participation","isPartOf":{"@id":"https:\/\/storck-win.ch.stage.sto.adacor.net\/#website"},"primaryImageOfPage":{"@id":"https:\/\/storck-win.ch\/fr\/terms\/#primaryimage"},"image":{"@id":"https:\/\/storck-win.ch\/fr\/terms\/#primaryimage"},"thumbnailUrl":"https:\/\/storck-win.ch.live.thirdparty.sto.adacor.net\/wp-content\/uploads\/2026\/04\/Header_WIN_merci_Win_1024x530_F-1.jpg","datePublished":"2021-02-10T13:50:17+00:00","dateModified":"2026-04-15T09:10:27+00:00","breadcrumb":{"@id":"https:\/\/storck-win.ch\/fr\/terms\/#breadcrumb"},"inLanguage":"fr-FR","potentialAction":[{"@type":"ReadAction","target":["https:\/\/storck-win.ch\/fr\/terms\/"]}]},{"@type":"ImageObject","inLanguage":"fr-FR","@id":"https:\/\/storck-win.ch\/fr\/terms\/#primaryimage","url":"https:\/\/storck-win.ch.live.thirdparty.sto.adacor.net\/wp-content\/uploads\/2026\/04\/Header_WIN_merci_Win_1024x530_F-1.jpg","contentUrl":"https:\/\/storck-win.ch.live.thirdparty.sto.adacor.net\/wp-content\/uploads\/2026\/04\/Header_WIN_merci_Win_1024x530_F-1.jpg"},{"@type":"BreadcrumbList","@id":"https:\/\/storck-win.ch\/fr\/terms\/#breadcrumb","itemListElement":[{"@type":"ListItem","position":1,"name":"Startseite","item":"https:\/\/storck-win.ch.live.thirdparty.sto.adacor.net\/fr\/"},{"@type":"ListItem","position":2,"name":"Conditions de participation"}]},{"@type":"WebSite","@id":"https:\/\/storck-win.ch.stage.sto.adacor.net\/#website","url":"https:\/\/storck-win.ch.stage.sto.adacor.net\/","name":"Storck Win-Fun","description":"Storck Win-Fun","potentialAction":[{"@type":"SearchAction","target":{"@type":"EntryPoint","urlTemplate":"https:\/\/storck-win.ch.stage.sto.adacor.net\/?s={search_term_string}"},"query-input":{"@type":"PropertyValueSpecification","valueRequired":true,"valueName":"search_term_string"}}],"inLanguage":"fr-FR"}]}},"_links":{"self":[{"href":"https:\/\/storck-win.ch\/fr\/wp-json\/wp\/v2\/pages\/54","targetHints":{"allow":["GET"]}}],"collection":[{"href":"https:\/\/storck-win.ch\/fr\/wp-json\/wp\/v2\/pages"}],"about":[{"href":"https:\/\/storck-win.ch\/fr\/wp-json\/wp\/v2\/types\/page"}],"author":[{"embeddable":true,"href":"https:\/\/storck-win.ch\/fr\/wp-json\/wp\/v2\/users\/1"}],"replies":[{"embeddable":true,"href":"https:\/\/storck-win.ch\/fr\/wp-json\/wp\/v2\/comments?post=54"}],"version-history":[{"count":51,"href":"https:\/\/storck-win.ch\/fr\/wp-json\/wp\/v2\/pages\/54\/revisions"}],"predecessor-version":[{"id":74731,"href":"https:\/\/storck-win.ch\/fr\/wp-json\/wp\/v2\/pages\/54\/revisions\/74731"}],"wp:attachment":[{"href":"https:\/\/storck-win.ch\/fr\/wp-json\/wp\/v2\/media?parent=54"}],"curies":[{"name":"wp","href":"https:\/\/api.w.org\/{rel}","templated":true}]}}